{"id":8668,"date":"2026-04-02T20:28:11","date_gmt":"2026-04-02T20:28:11","guid":{"rendered":"https:\/\/vivancoadvisory.com\/?page_id=8668"},"modified":"2026-04-02T21:33:07","modified_gmt":"2026-04-02T21:33:07","slug":"terminos-y-condiciones","status":"publish","type":"page","link":"https:\/\/vivancoadvisory.com\/en\/terminos-y-condiciones\/","title":{"rendered":"Terms &amp; Conditions"},"content":{"rendered":"<p><strong>Last updated: April 1, 2026<\/strong><\/p>\n\n\n\n<p class=\"translation-block\">Welcome to <strong>Viva&amp;Co<\/strong>. Access to and use of this website <a href=\"https:\/\/vivancoadvisory.com\/en\/\" target=\"_blank\" rel=\"noreferrer noopener\">https:\/\/vivancoadvisory.com\/<\/a> (hereinafter, \"the Site\") are subject to the following terms and conditions. By browsing and using this Site, you agree to comply with these terms in full.<\/p>\n\n\n\n<h3 class=\"wp-block-heading\">1. GENERAL INFORMATION<\/h3>\n\n\n\n<p class=\"translation-block\">This Site is owned and operated by <strong>Viva&amp;Co.<\/strong>, a firm with its professional address in the Republic of Ecuador. The content of this page is intended to provide information about professional advisory and consulting services.<\/p>\n\n\n\n<h3 class=\"wp-block-heading\">2. NATURE OF THE INFORMATION (EXCLUSION OF LIABILITY)<\/h3>\n\n\n\n<p>The information contained on this Site is provided for general and informational purposes only.<\/p>\n\n\n\n<ul class=\"wp-block-list\">\n<li class=\"translation-block\"><strong>Does not constitute advice:<\/strong> Nothing published on this site should be interpreted as legal, financial, tax or professional advice.<\/li>\n\n\n\n<li class=\"translation-block\"><strong>No professional relationship:<\/strong> Using the Site or submitting information through contact forms does not establish a consultant-client relationship between the user and Viva&amp;Co. Such a relationship will only be formalized through a service contract signed by both parties.<\/li>\n<\/ul>\n\n\n\n<h3 class=\"wp-block-heading\">3. INTELLECTUAL PROPERTY<\/h3>\n\n\n\n<p>All content (text, logos, graphics, designs, images, and software) is the exclusive property of Viva&amp;Co. or its licensors and is protected by national and international intellectual property laws. Its reproduction, distribution, or modification is prohibited without express written authorization.<\/p>\n\n\n\n<h3 class=\"wp-block-heading\">4. PROTECTION OF PERSONAL DATA<\/h3>\n\n\n\n<p class=\"translation-block\">In compliance with the <strong>Organic Law on the Protection of Personal Data (LOPDP)<\/strong> of Ecuador:<\/p>\n\n\n\n<ul class=\"wp-block-list\">\n<li class=\"translation-block\"><strong>Purpose:<\/strong> The data you provide through forms will be processed in order to manage your inquiry or send you requested information.<\/li>\n\n\n\n<li class=\"translation-block\"><strong>Consent:<\/strong> By submitting your data, you consent to its processing.<\/li>\n\n\n\n<li class=\"translation-block\"><strong>Rights:<\/strong> You can exercise your rights of access, rectification, deletion and opposition by sending a request to the firm's contact email address.<\/li>\n<\/ul>\n\n\n\n<h3 class=\"wp-block-heading\">5. LIMITATION OF LIABILITY<\/h3>\n\n\n\n<p>Viva&amp;Co. does not guarantee that the Site will function uninterrupted or free of errors, viruses, or other harmful components. We are not responsible for direct or indirect damages arising from the use of the information contained herein or the inability to access the Site.<\/p>\n\n\n\n<h3 class=\"wp-block-heading\">6. LINKS TO THIRD PARTIES<\/h3>\n\n\n\n<p>This Site may include links to third-party websites. Viva&amp;Co. has no control over the content of these sites or their privacy policies, so users access them at their own risk.<\/p>\n\n\n\n<h3 class=\"wp-block-heading\">7. MODIFICATIONS<\/h3>\n\n\n\n<p>Viva&amp;Co. reserves the right to modify these Terms and Conditions at any time. Changes will be effective immediately upon posting on the Site. It is the user's responsibility to review this section periodically.<\/p>\n\n\n\n<h3 class=\"wp-block-heading\">8. APPLICABLE LAW AND JURISDICTION<\/h3>\n\n\n\n<p class=\"translation-block\">These terms are governed by the laws of the Republic of Ecuador. Any dispute relating to the use of this Site will be subject to the jurisdiction of the competent courts in the city of Quito, Ecuador, and the user waives any other jurisdiction.<\/p>\n\n\n\n<h3 class=\"wp-block-heading\">9. CONTACT<\/h3>\n\n\n\n<p>If you have any questions about these Terms, you can contact us at:<\/p>\n\n\n\n<ul class=\"wp-block-list\">\n<li><strong>Email:<\/strong> info@vivancadvisory.com<\/li>\n\n\n\n<li>Quito, Ecuador<\/li>\n<\/ul>\n\n\n\n<p><\/p>","protected":false},"excerpt":{"rendered":"<p>\u00daltima actualizaci\u00f3n: 1 de Abril, 2026 Bienvenido a Viva&amp;Co. El acceso y uso de este sitio web https:\/\/vivancoadvisory.com\/ (en adelante, \u00abel Sitio\u00bb) est\u00e1n sujetos a los siguientes t\u00e9rminos y condiciones. Al navegar y utilizar este Sitio, usted acepta cumplir con estos t\u00e9rminos en su totalidad. 1. INFORMACI\u00d3N GENERAL El Sitio es propiedad y est\u00e1 operado [&hellip;]<\/p>\n","protected":false},"author":1,"featured_media":0,"parent":0,"menu_order":0,"comment_status":"closed","ping_status":"closed","template":"","meta":{"footnotes":""},"class_list":["post-8668","page","type-page","status-publish","hentry"],"_hostinger_reach_plugin_has_subscription_block":false,"_hostinger_reach_plugin_is_elementor":false,"_links":{"self":[{"href":"https:\/\/vivancoadvisory.com\/en\/wp-json\/wp\/v2\/pages\/8668","targetHints":{"allow":["GET"]}}],"collection":[{"href":"https:\/\/vivancoadvisory.com\/en\/wp-json\/wp\/v2\/pages"}],"about":[{"href":"https:\/\/vivancoadvisory.com\/en\/wp-json\/wp\/v2\/types\/page"}],"author":[{"embeddable":true,"href":"https:\/\/vivancoadvisory.com\/en\/wp-json\/wp\/v2\/users\/1"}],"replies":[{"embeddable":true,"href":"https:\/\/vivancoadvisory.com\/en\/wp-json\/wp\/v2\/comments?post=8668"}],"version-history":[{"count":5,"href":"https:\/\/vivancoadvisory.com\/en\/wp-json\/wp\/v2\/pages\/8668\/revisions"}],"predecessor-version":[{"id":8677,"href":"https:\/\/vivancoadvisory.com\/en\/wp-json\/wp\/v2\/pages\/8668\/revisions\/8677"}],"wp:attachment":[{"href":"https:\/\/vivancoadvisory.com\/en\/wp-json\/wp\/v2\/media?parent=8668"}],"curies":[{"name":"wp","href":"https:\/\/api.w.org\/{rel}","templated":true}]}}